{"id":1538,"date":"2022-01-03T03:52:29","date_gmt":"2022-01-03T00:52:29","guid":{"rendered":"https:\/\/themeim.com\/wp\/flynext\/?page_id=1538"},"modified":"2022-11-21T14:50:08","modified_gmt":"2022-11-21T11:50:08","slug":"parca-talep-spare-part-request","status":"publish","type":"page","link":"https:\/\/aythavacilik.com\/index.php\/parca-talep-spare-part-request\/","title":{"rendered":"Par\u00e7a Talep Formu"},"content":{"rendered":"\t\t<div data-elementor-type=\"wp-page\" data-elementor-id=\"1538\" class=\"elementor elementor-1538\">\n\t\t\t\t\t\t\t\t\t<div class=\"elementor-section elementor-top-section elementor-element elementor-element-f07c137 elementor-section-stretched elementor-section-boxed elementor-section-height-default elementor-section-height-default\" data-id=\"f07c137\" data-element_type=\"section\" data-settings=\"{&quot;stretch_section&quot;:&quot;section-stretched&quot;,&quot;background_background&quot;:&quot;classic&quot;}\">\n\t\t\t\t\t\t<div class=\"elementor-container elementor-column-gap-default\">\n\t\t\t\t\t<div class=\"elementor-column elementor-col-100 elementor-top-column elementor-element elementor-element-44a1247\" data-id=\"44a1247\" data-element_type=\"column\">\n\t\t\t<div class=\"elementor-widget-wrap elementor-element-populated\">\n\t\t\t\t\t\t\t\t<div class=\"elementor-element elementor-element-643c732 elementor-widget elementor-widget-text-editor\" data-id=\"643c732\" data-element_type=\"widget\" data-widget_type=\"text-editor.default\">\n\t\t\t\t<div class=\"elementor-widget-container\">\n\t\t\t<style>\/*! elementor - v3.8.1 - 13-11-2022 *\/\n.elementor-widget-text-editor.elementor-drop-cap-view-stacked .elementor-drop-cap{background-color:#818a91;color:#fff}.elementor-widget-text-editor.elementor-drop-cap-view-framed .elementor-drop-cap{color:#818a91;border:3px solid;background-color:transparent}.elementor-widget-text-editor:not(.elementor-drop-cap-view-default) .elementor-drop-cap{margin-top:8px}.elementor-widget-text-editor:not(.elementor-drop-cap-view-default) .elementor-drop-cap-letter{width:1em;height:1em}.elementor-widget-text-editor .elementor-drop-cap{float:left;text-align:center;line-height:1;font-size:50px}.elementor-widget-text-editor .elementor-drop-cap-letter{display:inline-block}<\/style>\t\t\t\t<div class='fluentform fluentform_wrapper_3'><form data-form_id=\"3\" id=\"fluentform_3\" class=\"frm-fluent-form fluent_form_3 ff-el-form-top ff_form_instance_3_1 ff-form-loading\" data-form_instance=\"ff_form_instance_3_1\" method=\"POST\" ><input type='hidden' name='__fluent_form_embded_post_id' value='1538' \/><input type=\"hidden\" id=\"_fluentform_3_fluentformnonce\" name=\"_fluentform_3_fluentformnonce\" value=\"d43037d794\" \/><input type=\"hidden\" name=\"_wp_http_referer\" value=\"\/index.php\/wp-json\/wp\/v2\/pages\/1538\" \/><div class=\"ff-el-group ff-el-section-break  ff_left\" data-name=\"section_break-3_1\" ><h3 class='ff-el-section-title'>\u0130leti\u015fim Bilgileri \/ Contact Information<\/h3><div class='ff-section_break_desk'><p>L\u00fctfen do\u011fru olarak doldurunuz \/ Please fill in correctly<\/p><\/div><hr \/><\/div><div class='ff-el-group'><div class='ff-el-input--label ff-el-is-required asterisk-right'><label for='ff_3_input_text_4'>Ad\u0131n\u0131z ve Soyad\u0131n\u0131z \/ Name and Surname<\/label> <\/div><div class='ff-el-input--content'><input type=\"text\" name=\"input_text_4\" class=\"ff-el-form-control\" data-name=\"input_text_4\" id=\"ff_3_input_text_4\" ><\/div><\/div><div class='ff-el-group'><div class='ff-el-input--label ff-el-is-required asterisk-right'><label for='ff_3_input_text_6'>\u015eirket Ad\u0131 \/ Company Name<\/label> <\/div><div class='ff-el-input--content'><input type=\"text\" name=\"input_text_6\" class=\"ff-el-form-control\" data-name=\"input_text_6\" id=\"ff_3_input_text_6\" ><\/div><\/div><div class='ff-el-group'><div class='ff-el-input--label ff-el-is-required asterisk-right'><label for='ff_3_input_text_5'>Telefon Numaran\u0131z \/ Phone Number<\/label> <\/div><div class='ff-el-input--content'><input type=\"text\" name=\"input_text_5\" class=\"ff-el-form-control\" data-name=\"input_text_5\" id=\"ff_3_input_text_5\" ><\/div><\/div><div class='ff-el-group'><div class='ff-el-input--label ff-el-is-required asterisk-right'><label for='ff_3_input_text_7'>E-posta Adresi \/ E-mail Address<\/label> <\/div><div class='ff-el-input--content'><input type=\"text\" name=\"input_text_7\" class=\"ff-el-form-control\" data-name=\"input_text_7\" id=\"ff_3_input_text_7\" ><\/div><\/div><div class=\"ff-el-group ff-el-section-break  ff_left\" data-name=\"section_break-3_2\" ><h3 class='ff-el-section-title'>Yedek Par\u00e7a \/ Spare Part<\/h3><div class='ff-section_break_desk'><p>L\u00fctfen do\u011fru olarak doldurunuz \/ Please fill in correctly<\/p><\/div><hr \/><\/div><div class='ff-el-group'><div class='ff-el-input--label ff-el-is-required asterisk-right'><label for='ff_3_input_text'>Part Numaras\u0131 \/ Part Number<\/label> <\/div><div class='ff-el-input--content'><input type=\"text\" name=\"input_text\" class=\"ff-el-form-control\" data-name=\"input_text\" id=\"ff_3_input_text\" ><\/div><\/div><div class='ff-el-group'><div class='ff-el-input--label ff-el-is-required asterisk-right'><label for='ff_3_input_text_1'>U\u00e7ak Seri Numara \/ Serial Number of Aircraft<\/label> <\/div><div class='ff-el-input--content'><input type=\"text\" name=\"input_text_1\" class=\"ff-el-form-control\" data-name=\"input_text_1\" id=\"ff_3_input_text_1\" ><\/div><\/div><div class='ff-el-group'><div class='ff-el-input--label ff-el-is-required asterisk-right'><label for='ff_3_input_text_3'>Kuyruk Numaras\u0131 \/ Aircraft Tale Number<\/label> <\/div><div class='ff-el-input--content'><input type=\"text\" name=\"input_text_3\" class=\"ff-el-form-control\" data-name=\"input_text_3\" id=\"ff_3_input_text_3\" ><\/div><\/div><div class='ff-el-group'><div class='ff-el-input--label asterisk-right'><label for='ff_3_input_text_2'>Ek A\u00e7\u0131klama \/ Additional Desc.<\/label> <\/div><div class='ff-el-input--content'><input type=\"text\" name=\"input_text_2\" class=\"ff-el-form-control\" data-name=\"input_text_2\" id=\"ff_3_input_text_2\" ><\/div><\/div><div class='ff-el-group'><div class='ff-el-input--label asterisk-right'><label for='ff_3_description'>Mesaj\u0131n\u0131z \/ Message<\/label> <\/div><div class='ff-el-input--content'><textarea name=\"description\" id=\"ff_3_description\" class=\"ff-el-form-control\" rows=\"3\" cols=\"2\" data-name=\"description\" ><\/textarea><\/div><\/div><div class='ff-el-group    ff-el-input--content'><div class='ff-el-form-check ff-el-tc'><label class='ff-el-form-check-label ff_tc_label' for=gdpr-agreement_609c5d2e78e1ea26169110a8b23b0289><span class='ff_tc_checkbox'><input type=\"checkbox\" name=\"gdpr-agreement\" class=\"ff-el-form-check-input ff_gdpr_field\" data-name=\"gdpr-agreement\" id=\"gdpr-agreement_609c5d2e78e1ea26169110a8b23b0289\"  value='on'><\/span> <div class='ff_t_c'>Payla\u015ft\u0131\u011f\u0131m bilgilerimin benimle ileti\u015fime ge\u00e7ilmesi i\u00e7in onayl\u0131yorum. \u0130leti\u015fim izni veriyorum. \/ \nI consent to have this website store my submitted information so they can respond to my inquiry<\/div><\/label><\/div><\/div><div class='ff-el-group ff-text-left ff_submit_btn_wrapper'><button type=\"submit\" class=\"ff-btn ff-btn-submit ff-btn-md ff_btn_style\" >Talep Olu\u015ftur \/ Create Request<\/button><\/div><\/form><div id='fluentform_3_errors' class='ff-errors-in-stack ff_form_instance_3_1 ff-form-loading_errors ff_form_instance_3_1_errors'><\/div><\/div>        <script type=\"text\/javascript\">\n            window.fluent_form_ff_form_instance_3_1 = {\"id\":\"3\",\"settings\":{\"layout\":{\"labelPlacement\":\"top\",\"helpMessagePlacement\":\"with_label\",\"errorMessagePlacement\":\"inline\",\"cssClassName\":\"\",\"asteriskPlacement\":\"asterisk-right\"},\"restrictions\":{\"denyEmptySubmission\":{\"enabled\":false}}},\"form_instance\":\"ff_form_instance_3_1\",\"form_id_selector\":\"fluentform_3\",\"rules\":{\"input_text_4\":{\"required\":{\"value\":true,\"message\":\"zorunlu \\\/ required\"}},\"input_text_6\":{\"required\":{\"value\":true,\"message\":\"zorunlu \\\/ required\"}},\"input_text_5\":{\"required\":{\"value\":true,\"message\":\"zorunlu \\\/ required\"}},\"input_text_7\":{\"required\":{\"value\":true,\"message\":\"zorunlu \\\/ required\"}},\"input_text\":{\"required\":{\"value\":true,\"message\":\"zorunlu \\\/ required\"}},\"input_text_1\":{\"required\":{\"value\":true,\"message\":\"zorunlu \\\/ required\"}},\"input_text_3\":{\"required\":{\"value\":true,\"message\":\"zorunlu \\\/ required\"}},\"input_text_2\":{\"required\":{\"value\":false,\"message\":\"This field is required\"}},\"description\":{\"required\":{\"value\":false,\"message\":\"This field is required\"}},\"gdpr-agreement\":{\"required\":{\"value\":true,\"message\":\"zorunlu \\\/ required\"}}}};\n                    <\/script>\n        \t\t\t\t\t\t<\/div>\n\t\t\t\t<\/div>\n\t\t\t\t\t<\/div>\n\t\t<\/div>\n\t\t\t\t\t\t\t<\/div>\n\t\t<\/div>\n\t\t\t\t\t\t\t<\/div>\n\t\t","protected":false},"excerpt":{"rendered":"","protected":false},"author":1,"featured_media":0,"parent":0,"menu_order":0,"comment_status":"closed","ping_status":"closed","template":"","meta":{"_blockly_fonts_attr":"","footnotes":""},"class_list":["post-1538","page","type-page","status-publish","hentry"],"_links":{"self":[{"href":"https:\/\/aythavacilik.com\/index.php\/wp-json\/wp\/v2\/pages\/1538","targetHints":{"allow":["GET"]}}],"collection":[{"href":"https:\/\/aythavacilik.com\/index.php\/wp-json\/wp\/v2\/pages"}],"about":[{"href":"https:\/\/aythavacilik.com\/index.php\/wp-json\/wp\/v2\/types\/page"}],"author":[{"embeddable":true,"href":"https:\/\/aythavacilik.com\/index.php\/wp-json\/wp\/v2\/users\/1"}],"replies":[{"embeddable":true,"href":"https:\/\/aythavacilik.com\/index.php\/wp-json\/wp\/v2\/comments?post=1538"}],"version-history":[{"count":12,"href":"https:\/\/aythavacilik.com\/index.php\/wp-json\/wp\/v2\/pages\/1538\/revisions"}],"predecessor-version":[{"id":5045,"href":"https:\/\/aythavacilik.com\/index.php\/wp-json\/wp\/v2\/pages\/1538\/revisions\/5045"}],"wp:attachment":[{"href":"https:\/\/aythavacilik.com\/index.php\/wp-json\/wp\/v2\/media?parent=1538"}],"curies":[{"name":"wp","href":"https:\/\/api.w.org\/{rel}","templated":true}]}}