{"id":13,"date":"2021-11-17T03:42:22","date_gmt":"2021-11-17T00:42:22","guid":{"rendered":"https:\/\/themeim.com\/wp\/flynext\/?page_id=13"},"modified":"2023-04-29T14:14:51","modified_gmt":"2023-04-29T11:14:51","slug":"iletisim","status":"publish","type":"page","link":"https:\/\/aythavacilik.com\/index.php\/iletisim\/","title":{"rendered":"\u0130leti\u015fim"},"content":{"rendered":"\t\t<div data-elementor-type=\"wp-page\" data-elementor-id=\"13\" class=\"elementor elementor-13\">\n\t\t\t\t\t\t\t\t\t<div class=\"elementor-section elementor-top-section elementor-element elementor-element-d2346b7 elementor-section-stretched elementor-section-boxed elementor-section-height-default elementor-section-height-default\" data-id=\"d2346b7\" data-element_type=\"section\" data-settings=\"{&quot;stretch_section&quot;:&quot;section-stretched&quot;}\">\n\t\t\t\t\t\t<div class=\"elementor-container elementor-column-gap-default\">\n\t\t\t\t\t<div class=\"elementor-column elementor-col-100 elementor-top-column elementor-element elementor-element-440af23\" data-id=\"440af23\" data-element_type=\"column\">\n\t\t\t<div class=\"elementor-widget-wrap elementor-element-populated\">\n\t\t\t\t\t\t\t\t<div class=\"elementor-section elementor-inner-section elementor-element elementor-element-eba4c7b elementor-section-boxed elementor-section-height-default elementor-section-height-default\" data-id=\"eba4c7b\" data-element_type=\"section\">\n\t\t\t\t\t\t<div class=\"elementor-container elementor-column-gap-default\">\n\t\t\t\t\t<div class=\"elementor-column elementor-col-50 elementor-inner-column elementor-element elementor-element-de54cb3\" data-id=\"de54cb3\" data-element_type=\"column\">\n\t\t\t<div class=\"elementor-widget-wrap elementor-element-populated\">\n\t\t\t\t\t\t\t\t<div class=\"elementor-element elementor-element-8093fb8 elementor-widget elementor-widget-text-editor\" data-id=\"8093fb8\" data-element_type=\"widget\" data-widget_type=\"text-editor.default\">\n\t\t\t\t<div class=\"elementor-widget-container\">\n\t\t\t<style>\/*! elementor - v3.8.1 - 13-11-2022 *\/\n.elementor-widget-text-editor.elementor-drop-cap-view-stacked .elementor-drop-cap{background-color:#818a91;color:#fff}.elementor-widget-text-editor.elementor-drop-cap-view-framed .elementor-drop-cap{color:#818a91;border:3px solid;background-color:transparent}.elementor-widget-text-editor:not(.elementor-drop-cap-view-default) .elementor-drop-cap{margin-top:8px}.elementor-widget-text-editor:not(.elementor-drop-cap-view-default) .elementor-drop-cap-letter{width:1em;height:1em}.elementor-widget-text-editor .elementor-drop-cap{float:left;text-align:center;line-height:1;font-size:50px}.elementor-widget-text-editor .elementor-drop-cap-letter{display:inline-block}<\/style>\t\t\t\t<iframe src=\"https:\/\/www.google.com\/maps\/embed?pb=!1m18!1m12!1m3!1d3190.3929306042487!2d30.717006700000006!3d36.9048686!2m3!1f0!2f0!3f0!3m2!1i1024!2i768!4f13.1!3m3!1m2!1s0x14c3855e8884b221%3A0x44c57c538dc8db1c!2zS8SxesSxbGFyxLFrLCAyNzU0LiBTayBObzoxIEQ6NDA2LCAwNzMxMCBNdXJhdHBhxZ9hL0FudGFseWE!5e0!3m2!1str!2str!4v1682766879664!5m2!1str!2str\" width=\"600\" height=\"450\" style=\"border:0;\" allowfullscreen=\"\" loading=\"lazy\" referrerpolicy=\"no-referrer-when-downgrade\"><\/iframe>\t\t\t\t\t\t<\/div>\n\t\t\t\t<\/div>\n\t\t\t\t\t<\/div>\n\t\t<\/div>\n\t\t\t\t<div class=\"elementor-column elementor-col-50 elementor-inner-column elementor-element elementor-element-ba36891\" data-id=\"ba36891\" data-element_type=\"column\">\n\t\t\t<div class=\"elementor-widget-wrap elementor-element-populated\">\n\t\t\t\t\t\t\t\t<div class=\"elementor-element elementor-element-acbb24b elementor-widget elementor-widget-flynext-theme-heading-title-one-widget\" data-id=\"acbb24b\" data-element_type=\"widget\" data-widget_type=\"flynext-theme-heading-title-one-widget.default\">\n\t\t\t\t<div class=\"elementor-widget-container\">\n\t\t\t        <div class=\"theme-heading-title\" style=\"text-align:left\">\r\n            <div class=\"subtitle \">\r\n                                \u0130leti\u015fim Bilgilerimiz                            <\/div>\r\n            <h3 class=\"title\">\r\n                Bize Ula\u015f\u0131n            <\/h3>\r\n            <p>AYT Havac\u0131l\u0131k - AYT Aviation \nSpare Parts<\/p>        <\/div>\r\n        \t\t<\/div>\n\t\t\t\t<\/div>\n\t\t\t\t<div class=\"elementor-element elementor-element-4ea9b2b elementor-widget elementor-widget-flynext-contact-Info-List-one-widget\" data-id=\"4ea9b2b\" data-element_type=\"widget\" data-widget_type=\"flynext-contact-Info-List-one-widget.default\">\n\t\t\t\t<div class=\"elementor-widget-container\">\n\t\t\t        <div class=\"contact-info-list-wrapper\">\n            <div class=\"single-contact-item\">\n                <div class=\"icon\">\n                    <i aria-hidden=\"true\" class=\"flaticon flaticon-location-1\"><\/i>                <\/div>\n                <div class=\"content\">\n                    <h4 class=\"title\"><\/h4>\n                    <span class=\"details\">K\u0131z\u0131lar\u0131k Mah. 2754.Sokak N:1\/406<\/span><span class=\"details\">Muratpa\u015fa \/ Antalya \/ T\u00fcrkiye<\/span>                <\/div>\n            <\/div>\n        <\/div>\n\n        \t\t<\/div>\n\t\t\t\t<\/div>\n\t\t\t\t<div class=\"elementor-element elementor-element-c4f3985 elementor-widget elementor-widget-flynext-contact-Info-List-one-widget\" data-id=\"c4f3985\" data-element_type=\"widget\" data-widget_type=\"flynext-contact-Info-List-one-widget.default\">\n\t\t\t\t<div class=\"elementor-widget-container\">\n\t\t\t        <div class=\"contact-info-list-wrapper\">\n            <div class=\"single-contact-item\">\n                <div class=\"icon\">\n                    <i aria-hidden=\"true\" class=\"flaticon flaticon-phone\"><\/i>                <\/div>\n                <div class=\"content\">\n                    <h4 class=\"title\"><\/h4>\n                    <span class=\"details\">+90 850 309 28 30<\/span>                <\/div>\n            <\/div>\n        <\/div>\n\n        \t\t<\/div>\n\t\t\t\t<\/div>\n\t\t\t\t<div class=\"elementor-element elementor-element-d8ee0ec elementor-widget elementor-widget-flynext-contact-Info-List-one-widget\" data-id=\"d8ee0ec\" data-element_type=\"widget\" data-widget_type=\"flynext-contact-Info-List-one-widget.default\">\n\t\t\t\t<div class=\"elementor-widget-container\">\n\t\t\t        <div class=\"contact-info-list-wrapper\">\n            <div class=\"single-contact-item\">\n                <div class=\"icon\">\n                    <i aria-hidden=\"true\" class=\"flaticon flaticon-email\"><\/i>                <\/div>\n                <div class=\"content\">\n                    <h4 class=\"title\"><\/h4>\n                    <span class=\"details\">info@aythavacilik.com<\/span><span class=\"details\">aog@aythavacilik.com<\/span>                <\/div>\n            <\/div>\n        <\/div>\n\n        \t\t<\/div>\n\t\t\t\t<\/div>\n\t\t\t\t\t<\/div>\n\t\t<\/div>\n\t\t\t\t\t\t\t<\/div>\n\t\t<\/div>\n\t\t\t\t\t<\/div>\n\t\t<\/div>\n\t\t\t\t\t\t\t<\/div>\n\t\t<\/div>\n\t\t\t\t\t\t\t<\/div>\n\t\t","protected":false},"excerpt":{"rendered":"<p>\u0130leti\u015fim Bilgilerimiz Bize Ula\u015f\u0131n AYT Havac\u0131l\u0131k &#8211; AYT Aviation Spare Parts K\u0131z\u0131lar\u0131k Mah. 2754.Sokak N:1\/406Muratpa\u015fa \/ Antalya \/ T\u00fcrkiye +90 850 309 28 30 info@aythavacilik.comaog@aythavacilik.com<\/p>\n","protected":false},"author":1,"featured_media":0,"parent":0,"menu_order":0,"comment_status":"closed","ping_status":"closed","template":"","meta":{"_blockly_fonts_attr":"","footnotes":""},"class_list":["post-13","page","type-page","status-publish","hentry"],"_links":{"self":[{"href":"https:\/\/aythavacilik.com\/index.php\/wp-json\/wp\/v2\/pages\/13","targetHints":{"allow":["GET"]}}],"collection":[{"href":"https:\/\/aythavacilik.com\/index.php\/wp-json\/wp\/v2\/pages"}],"about":[{"href":"https:\/\/aythavacilik.com\/index.php\/wp-json\/wp\/v2\/types\/page"}],"author":[{"embeddable":true,"href":"https:\/\/aythavacilik.com\/index.php\/wp-json\/wp\/v2\/users\/1"}],"replies":[{"embeddable":true,"href":"https:\/\/aythavacilik.com\/index.php\/wp-json\/wp\/v2\/comments?post=13"}],"version-history":[{"count":18,"href":"https:\/\/aythavacilik.com\/index.php\/wp-json\/wp\/v2\/pages\/13\/revisions"}],"predecessor-version":[{"id":5228,"href":"https:\/\/aythavacilik.com\/index.php\/wp-json\/wp\/v2\/pages\/13\/revisions\/5228"}],"wp:attachment":[{"href":"https:\/\/aythavacilik.com\/index.php\/wp-json\/wp\/v2\/media?parent=13"}],"curies":[{"name":"wp","href":"https:\/\/api.w.org\/{rel}","templated":true}]}}