{"id":11,"date":"2021-11-17T03:41:52","date_gmt":"2021-11-17T00:41:52","guid":{"rendered":"https:\/\/themeim.com\/wp\/flynext\/?page_id=11"},"modified":"2023-04-29T14:17:18","modified_gmt":"2023-04-29T11:17:18","slug":"kurumsal","status":"publish","type":"page","link":"https:\/\/aythavacilik.com\/index.php\/kurumsal\/","title":{"rendered":"Kurumsal"},"content":{"rendered":"\t\t<div data-elementor-type=\"wp-page\" data-elementor-id=\"11\" class=\"elementor elementor-11\">\n\t\t\t\t\t\t\t\t\t<div class=\"elementor-section elementor-top-section elementor-element elementor-element-9f1743b elementor-section-full_width elementor-section-stretched elementor-section-height-default elementor-section-height-default\" data-id=\"9f1743b\" data-element_type=\"section\" data-settings=\"{&quot;stretch_section&quot;:&quot;section-stretched&quot;,&quot;background_background&quot;:&quot;classic&quot;}\">\n\t\t\t\t\t\t<div class=\"elementor-container elementor-column-gap-default\">\n\t\t\t\t\t<div class=\"elementor-column elementor-col-100 elementor-top-column elementor-element elementor-element-519e604\" data-id=\"519e604\" data-element_type=\"column\">\n\t\t\t<div class=\"elementor-widget-wrap elementor-element-populated\">\n\t\t\t\t\t\t\t\t<div class=\"elementor-section elementor-inner-section elementor-element elementor-element-345029f elementor-section-boxed elementor-section-height-default elementor-section-height-default\" data-id=\"345029f\" data-element_type=\"section\">\n\t\t\t\t\t\t<div class=\"elementor-container elementor-column-gap-default\">\n\t\t\t\t\t<div class=\"elementor-column elementor-col-50 elementor-inner-column elementor-element elementor-element-f8c2753\" data-id=\"f8c2753\" data-element_type=\"column\" data-settings=\"{&quot;background_background&quot;:&quot;classic&quot;}\">\n\t\t\t<div class=\"elementor-widget-wrap elementor-element-populated\">\n\t\t\t\t\t\t\t\t<div class=\"elementor-element elementor-element-460b78a elementor-absolute elementor-hidden-tablet elementor-hidden-mobile elementor-widget elementor-widget-flynext-empty-dib-widget\" data-id=\"460b78a\" data-element_type=\"widget\" data-settings=\"{&quot;_position&quot;:&quot;absolute&quot;}\" data-widget_type=\"flynext-empty-dib-widget.default\">\n\t\t\t\t<div class=\"elementor-widget-container\">\n\t\t\t        <div class=\"shape\"><\/div>\r\n        \t\t<\/div>\n\t\t\t\t<\/div>\n\t\t\t\t<div class=\"elementor-element elementor-element-bd8ff47 elementor-widget elementor-widget-image\" data-id=\"bd8ff47\" data-element_type=\"widget\" data-widget_type=\"image.default\">\n\t\t\t\t<div class=\"elementor-widget-container\">\n\t\t\t<style>\/*! elementor - v3.8.1 - 13-11-2022 *\/\n.elementor-widget-image{text-align:center}.elementor-widget-image a{display:inline-block}.elementor-widget-image a img[src$=\".svg\"]{width:48px}.elementor-widget-image img{vertical-align:middle;display:inline-block}<\/style>\t\t\t\t\t\t\t\t\t\t\t\t<img loading=\"lazy\" decoding=\"async\" width=\"653\" height=\"607\" src=\"https:\/\/aythavacilik.com\/wp-content\/uploads\/2021\/12\/back-view-portrait-two-flight-attendants-two-senior-pilot-with-luggages-going-plane-ladder-front-civil-airplane.png\" class=\"attachment-large size-large\" alt=\"\" srcset=\"https:\/\/aythavacilik.com\/wp-content\/uploads\/2021\/12\/back-view-portrait-two-flight-attendants-two-senior-pilot-with-luggages-going-plane-ladder-front-civil-airplane.png 653w, https:\/\/aythavacilik.com\/wp-content\/uploads\/2021\/12\/back-view-portrait-two-flight-attendants-two-senior-pilot-with-luggages-going-plane-ladder-front-civil-airplane-300x279.png 300w\" sizes=\"auto, (max-width: 653px) 100vw, 653px\" \/>\t\t\t\t\t\t\t\t\t\t\t\t\t\t\t<\/div>\n\t\t\t\t<\/div>\n\t\t\t\t\t<\/div>\n\t\t<\/div>\n\t\t\t\t<div class=\"elementor-column elementor-col-50 elementor-inner-column elementor-element elementor-element-2a4c42d\" data-id=\"2a4c42d\" data-element_type=\"column\">\n\t\t\t<div class=\"elementor-widget-wrap elementor-element-populated\">\n\t\t\t\t\t\t\t\t<div class=\"elementor-element elementor-element-1dc3403 elementor-widget elementor-widget-flynext-theme-heading-title-one-widget\" data-id=\"1dc3403\" data-element_type=\"widget\" data-widget_type=\"flynext-theme-heading-title-one-widget.default\">\n\t\t\t\t<div class=\"elementor-widget-container\">\n\t\t\t        <div class=\"theme-heading-title\" style=\"text-align:left\">\r\n            <div class=\"subtitle \">\r\n                                Hakk\u0131m\u0131zda                            <\/div>\r\n            <h3 class=\"title\">\r\n                AYT Havac\u0131l\u0131k            <\/h3>\r\n            <p>U\u00e7ak Yedek Par\u00e7a - Aircraft Spare Parts<\/p>        <\/div>\r\n        \t\t<\/div>\n\t\t\t\t<\/div>\n\t\t\t\t<div class=\"elementor-element elementor-element-ee6a54a elementor-widget elementor-widget-flynext-call-to-action-item-widget\" data-id=\"ee6a54a\" data-element_type=\"widget\" data-widget_type=\"flynext-call-to-action-item-widget.default\">\n\t\t\t\t<div class=\"elementor-widget-container\">\n\t\t\t        <div class=\"call-to-action-item bg-image\"\n             style=\"background-image: url(https:\/\/aythavacilik.com\/wp-content\/uploads\/2021\/12\/01.png)\">\n            <div class=\"content\">\n                <a href=\"https:\/\/aythavacilik.com\/index.php\/parca-talep-spare-part-request\/\">\n                    <h4 class=\"title\">Hemen Aray\u0131n<\/h4>\n                <\/a>\n                <p class=\"description\">+90 850 309 28 30<\/p>\n            <\/div>\n            <div class=\"btn-wrap\">\n                <a href=\"https:\/\/aythavacilik.com\/index.php\/parca-talep-spare-part-request\/\"\n                   class=\"boxed-btn\"><i class=\"flaticon-black-plane\"><\/i>Par\u00e7a Talep Formu<\/a>\n            <\/div>\n        <\/div>\n        \t\t<\/div>\n\t\t\t\t<\/div>\n\t\t\t\t<div class=\"elementor-element elementor-element-5681b5f elementor-icon-list--layout-inline elementor-list-item-link-full_width elementor-widget elementor-widget-icon-list\" data-id=\"5681b5f\" data-element_type=\"widget\" data-widget_type=\"icon-list.default\">\n\t\t\t\t<div class=\"elementor-widget-container\">\n\t\t\t<link rel=\"stylesheet\" href=\"https:\/\/aythavacilik.com\/wp-content\/plugins\/elementor\/assets\/css\/widget-icon-list.min.css\">\t\t<ul class=\"elementor-icon-list-items elementor-inline-items\">\n\t\t\t\t\t\t\t<li class=\"elementor-icon-list-item elementor-inline-item\">\n\t\t\t\t\t\t\t\t\t\t\t<span class=\"elementor-icon-list-icon\">\n\t\t\t\t\t\t\t<i aria-hidden=\"true\" class=\"fas fa-check\"><\/i>\t\t\t\t\t\t<\/span>\n\t\t\t\t\t\t\t\t\t\t<span class=\"elementor-icon-list-text\">Airbus<\/span>\n\t\t\t\t\t\t\t\t\t<\/li>\n\t\t\t\t\t\t\t\t<li class=\"elementor-icon-list-item elementor-inline-item\">\n\t\t\t\t\t\t\t\t\t\t\t<span class=\"elementor-icon-list-icon\">\n\t\t\t\t\t\t\t<i aria-hidden=\"true\" class=\"fas fa-check\"><\/i>\t\t\t\t\t\t<\/span>\n\t\t\t\t\t\t\t\t\t\t<span class=\"elementor-icon-list-text\">\u00d6zel Jetler<\/span>\n\t\t\t\t\t\t\t\t\t<\/li>\n\t\t\t\t\t\t\t\t<li class=\"elementor-icon-list-item elementor-inline-item\">\n\t\t\t\t\t\t\t\t\t\t\t<span class=\"elementor-icon-list-icon\">\n\t\t\t\t\t\t\t<i aria-hidden=\"true\" class=\"fas fa-check\"><\/i>\t\t\t\t\t\t<\/span>\n\t\t\t\t\t\t\t\t\t\t<span class=\"elementor-icon-list-text\">T\u00fcm Ticari U\u00e7aklar<\/span>\n\t\t\t\t\t\t\t\t\t<\/li>\n\t\t\t\t\t\t<\/ul>\n\t\t\t\t<\/div>\n\t\t\t\t<\/div>\n\t\t\t\t<div class=\"elementor-element elementor-element-5fe11e2 elementor-widget elementor-widget-heading\" data-id=\"5fe11e2\" data-element_type=\"widget\" data-widget_type=\"heading.default\">\n\t\t\t\t<div class=\"elementor-widget-container\">\n\t\t\t<style>\/*! elementor - v3.8.1 - 13-11-2022 *\/\n.elementor-heading-title{padding:0;margin:0;line-height:1}.elementor-widget-heading .elementor-heading-title[class*=elementor-size-]>a{color:inherit;font-size:inherit;line-height:inherit}.elementor-widget-heading .elementor-heading-title.elementor-size-small{font-size:15px}.elementor-widget-heading .elementor-heading-title.elementor-size-medium{font-size:19px}.elementor-widget-heading .elementor-heading-title.elementor-size-large{font-size:29px}.elementor-widget-heading .elementor-heading-title.elementor-size-xl{font-size:39px}.elementor-widget-heading .elementor-heading-title.elementor-size-xxl{font-size:59px}<\/style><h2 class=\"elementor-heading-title elementor-size-default\">T\u00fcm yedek par\u00e7a talepleriniz, ara\u015ft\u0131rmalar\u0131n\u0131z konusunda sizin i\u00e7in buraday\u0131z. Sayfam\u0131z \u015fuan g\u00fcncellenmektedir. En k\u0131sa s\u00fcrede daha g\u00fcncel bilgiler ile burada olaca\u011f\u0131z.<\/h2>\t\t<\/div>\n\t\t\t\t<\/div>\n\t\t\t\t\t<\/div>\n\t\t<\/div>\n\t\t\t\t\t\t\t<\/div>\n\t\t<\/div>\n\t\t\t\t\t<\/div>\n\t\t<\/div>\n\t\t\t\t\t\t\t<\/div>\n\t\t<\/div>\n\t\t\t\t<section class=\"elementor-section elementor-top-section elementor-element elementor-element-c99c467 elementor-section-boxed elementor-section-height-default elementor-section-height-default\" data-id=\"c99c467\" data-element_type=\"section\">\n\t\t\t\t\t\t<div class=\"elementor-container elementor-column-gap-default\">\n\t\t\t\t\t<div class=\"elementor-column elementor-col-100 elementor-top-column elementor-element elementor-element-b25a7c7\" data-id=\"b25a7c7\" data-element_type=\"column\" data-settings=\"{&quot;background_background&quot;:&quot;classic&quot;}\">\n\t\t\t<div class=\"elementor-widget-wrap elementor-element-populated\">\n\t\t\t\t\t\t\t\t<div class=\"elementor-element elementor-element-f8d415f elementor-widget elementor-widget-text-editor\" data-id=\"f8d415f\" data-element_type=\"widget\" data-widget_type=\"text-editor.default\">\n\t\t\t\t<div class=\"elementor-widget-container\">\n\t\t\t<style>\/*! elementor - v3.8.1 - 13-11-2022 *\/\n.elementor-widget-text-editor.elementor-drop-cap-view-stacked .elementor-drop-cap{background-color:#818a91;color:#fff}.elementor-widget-text-editor.elementor-drop-cap-view-framed .elementor-drop-cap{color:#818a91;border:3px solid;background-color:transparent}.elementor-widget-text-editor:not(.elementor-drop-cap-view-default) .elementor-drop-cap{margin-top:8px}.elementor-widget-text-editor:not(.elementor-drop-cap-view-default) .elementor-drop-cap-letter{width:1em;height:1em}.elementor-widget-text-editor .elementor-drop-cap{float:left;text-align:center;line-height:1;font-size:50px}.elementor-widget-text-editor .elementor-drop-cap-letter{display:inline-block}<\/style>\t\t\t\t<h2 style=\"text-align: center;\">Misyon<\/h2><p style=\"text-align: center;\">Profesyonel ve dinamik ekibimizle her t\u00fcrl\u00fc projenin \u00e7\u00f6z\u00fcm odakl\u0131 orta\u011f\u0131 olmak.<\/p><h2 style=\"text-align: center;\">Vizyon<\/h2><p class=\"Body\" style=\"text-align: center;\">Verimlilik ve zaman\u0131nda yedek par\u00e7a sa\u011flayarak m\u00fc\u015fteri memnuniyeti sa\u011flamak en b\u00fcy\u00fck \u00f6nceli\u011fimizdir.<\/p><h2 style=\"text-align: center;\">De\u011ferlerimiz<\/h2><ul><li style=\"text-align: center;\">De\u011fi\u015fime a\u00e7\u0131\u011f\u0131z ve kendimizi s\u00fcrekli geli\u015ftiririz.<\/li><li style=\"text-align: center;\">Verdi\u011fimiz s\u00f6zleri yerine getiririz.<\/li><li style=\"text-align: center;\">M\u00fc\u015fterilerimizin beklentilerini a\u015fmay\u0131 hedefleriz.<\/li><li style=\"text-align: center;\">T\u00fcm insanlara ve k\u00fclt\u00fcrlere e\u015fit de\u011fer veririz.<\/li><li style=\"text-align: center;\">Etik davran\u0131r\u0131z.<\/li><\/ul>\t\t\t\t\t\t<\/div>\n\t\t\t\t<\/div>\n\t\t\t\t\t<\/div>\n\t\t<\/div>\n\t\t\t\t\t\t\t<\/div>\n\t\t<\/section>\n\t\t\t\t\t\t\t<\/div>\n\t\t","protected":false},"excerpt":{"rendered":"<p>Hakk\u0131m\u0131zda AYT Havac\u0131l\u0131k U\u00e7ak Yedek Par\u00e7a &#8211; Aircraft Spare Parts Hemen Aray\u0131n +90 850 309 28 30 Par\u00e7a Talep Formu Airbus \u00d6zel Jetler T\u00fcm Ticari U\u00e7aklar T\u00fcm yedek par\u00e7a talepleriniz, ara\u015ft\u0131rmalar\u0131n\u0131z konusunda sizin i\u00e7in buraday\u0131z. Sayfam\u0131z \u015fuan g\u00fcncellenmektedir. En k\u0131sa s\u00fcrede daha g\u00fcncel bilgiler ile burada olaca\u011f\u0131z. Misyon Profesyonel ve dinamik ekibimizle her t\u00fcrl\u00fc projenin<\/p>\n","protected":false},"author":1,"featured_media":0,"parent":0,"menu_order":0,"comment_status":"closed","ping_status":"closed","template":"","meta":{"_blockly_fonts_attr":"","footnotes":""},"class_list":["post-11","page","type-page","status-publish","hentry"],"_links":{"self":[{"href":"https:\/\/aythavacilik.com\/index.php\/wp-json\/wp\/v2\/pages\/11","targetHints":{"allow":["GET"]}}],"collection":[{"href":"https:\/\/aythavacilik.com\/index.php\/wp-json\/wp\/v2\/pages"}],"about":[{"href":"https:\/\/aythavacilik.com\/index.php\/wp-json\/wp\/v2\/types\/page"}],"author":[{"embeddable":true,"href":"https:\/\/aythavacilik.com\/index.php\/wp-json\/wp\/v2\/users\/1"}],"replies":[{"embeddable":true,"href":"https:\/\/aythavacilik.com\/index.php\/wp-json\/wp\/v2\/comments?post=11"}],"version-history":[{"count":32,"href":"https:\/\/aythavacilik.com\/index.php\/wp-json\/wp\/v2\/pages\/11\/revisions"}],"predecessor-version":[{"id":5231,"href":"https:\/\/aythavacilik.com\/index.php\/wp-json\/wp\/v2\/pages\/11\/revisions\/5231"}],"wp:attachment":[{"href":"https:\/\/aythavacilik.com\/index.php\/wp-json\/wp\/v2\/media?parent=11"}],"curies":[{"name":"wp","href":"https:\/\/api.w.org\/{rel}","templated":true}]}}